{"id":398,"date":"2022-08-25T13:54:55","date_gmt":"2022-08-25T11:54:55","guid":{"rendered":"https:\/\/ciudadvirtual.casa\/?page_id=398"},"modified":"2022-08-25T17:58:31","modified_gmt":"2022-08-25T15:58:31","slug":"noticias","status":"publish","type":"page","link":"https:\/\/ciudadvirtual.casa\/?page_id=398","title":{"rendered":"Noticias"},"content":{"rendered":"\t\t<div data-elementor-type=\"wp-page\" data-elementor-id=\"398\" class=\"elementor elementor-398\">\n\t\t\t\t\t\t\t\t\t<section class=\"elementor-section elementor-top-section elementor-element elementor-element-91540de elementor-section-boxed elementor-section-height-default elementor-section-height-default wpr-particle-no wpr-jarallax-no wpr-parallax-no wpr-sticky-section-no\" data-id=\"91540de\" data-element_type=\"section\">\n\t\t\t\t\t\t<div class=\"elementor-container elementor-column-gap-default\">\n\t\t\t\t\t<div class=\"elementor-column elementor-col-100 elementor-top-column elementor-element elementor-element-3944994\" data-id=\"3944994\" data-element_type=\"column\">\n\t\t\t<div class=\"elementor-widget-wrap elementor-element-populated\">\n\t\t\t\t\t\t\t\t<div class=\"elementor-element elementor-element-5f9706f wpr-grid-columns-3 wpr-grid-columns--tablet2 wpr-grid-columns--mobile1 wpr-grid-pagination-center elementor-widget elementor-widget-wpr-grid\" data-id=\"5f9706f\" data-element_type=\"widget\" data-widget_type=\"wpr-grid.default\">\n\t\t\t\t<div class=\"elementor-widget-container\">\n\t\t\t<ul class=\"wpr-grid-filters elementor-clearfix wpr-grid-filters-sep-right\"><li class=\" wpr-pointer-none wpr-pointer-line-fx wpr-pointer-fx-none\"><span data-filter=\"*\" class=\"wpr-active-filter wpr-pointer-item\">All Post<\/span><em class=\"wpr-grid-filters-sep\"><\/em><\/li><li class=\" wpr-pointer-none wpr-pointer-line-fx wpr-pointer-fx-none\"><span class=\"wpr-pointer-item\" data-filter=\".category-uncategorized\">Uncategorized<\/span><em class=\"wpr-grid-filters-sep\"><\/em><\/li><\/ul><section class=\"wpr-grid elementor-clearfix\" data-settings=\"{&quot;layout&quot;:&quot;fitRows&quot;,&quot;columns_desktop&quot;:3,&quot;gutter_hr&quot;:15,&quot;gutter_vr&quot;:15,&quot;animation&quot;:&quot;default&quot;,&quot;animation_duration&quot;:0.3,&quot;animation_delay&quot;:0.1,&quot;deeplinking&quot;:&quot;&quot;,&quot;filters_linkable&quot;:&quot;no&quot;,&quot;filters_default_filter&quot;:&quot;&quot;,&quot;filters_count&quot;:&quot;&quot;,&quot;filters_hide_empty&quot;:&quot;no&quot;,&quot;filters_animation&quot;:&quot;default&quot;,&quot;filters_animation_duration&quot;:0.3,&quot;filters_animation_delay&quot;:0.1,&quot;pagination_type&quot;:&quot;load-more&quot;,&quot;pagination_max_pages&quot;:1,&quot;lightbox&quot;:{&quot;selector&quot;:&quot;.wpr-grid-image-wrap&quot;,&quot;iframeMaxWidth&quot;:&quot;60%&quot;,&quot;hash&quot;:false,&quot;autoplay&quot;:&quot;true&quot;,&quot;pause&quot;:5000,&quot;progressBar&quot;:&quot;true&quot;,&quot;counter&quot;:&quot;true&quot;,&quot;controls&quot;:&quot;true&quot;,&quot;getCaptionFromTitleOrAlt&quot;:&quot;true&quot;,&quot;thumbnail&quot;:&quot;&quot;,&quot;showThumbByDefault&quot;:&quot;&quot;,&quot;share&quot;:&quot;&quot;,&quot;zoom&quot;:&quot;true&quot;,&quot;fullScreen&quot;:&quot;true&quot;,&quot;download&quot;:&quot;true&quot;}}\"><article class=\"wpr-grid-item elementor-clearfix post-554 post type-post status-publish format-standard has-post-thumbnail hentry category-uncategorized\"><div class=\"wpr-grid-item-inner\"><div class=\"wpr-grid-media-wrap wpr-effect-size-medium \" data-overlay-link=\"yes\"><div class=\"wpr-grid-image-wrap\" data-src=\"https:\/\/ciudadvirtual.casa\/wp-content\/uploads\/2022\/10\/image-2.png\"><img decoding=\"async\" src=\"https:\/\/ciudadvirtual.casa\/wp-content\/uploads\/2022\/10\/image-2.png\" alt=\"Los expertos ya ponen fecha al cambio de ciclo inmobiliario: llegar\u00e1 como mucho en seis meses\" class=\"wpr-anim-timing-ease-default\"><\/div><div class=\"wpr-grid-media-hover wpr-animation-wrap\"><div class=\"wpr-grid-media-hover-bg  wpr-overlay-fade-in wpr-anim-size-large wpr-anim-timing-ease-default wpr-anim-transparency\" data-url=\"https:\/\/ciudadvirtual.casa\/?p=554\"><\/div><\/div><\/div><div class=\"wpr-grid-item-below-content elementor-clearfix\"><h2 class=\"wpr-grid-item-title elementor-repeater-item-2a48ced wpr-grid-item-display-block wpr-grid-item-align-left wpr-pointer-none wpr-pointer-line-fx wpr-pointer-fx-fade\"><div class=\"inner-block\"><a href=\"https:\/\/ciudadvirtual.casa\/?p=554\" class=\"wpr-pointer-item\">Los expertos ya ponen fecha al cambio de ciclo inmobiliario: llegar\u00e1 como mucho en seis meses<\/a><\/div><\/h2><div class=\"wpr-grid-item-date elementor-repeater-item-e4c5ff2 wpr-grid-item-display-inline wpr-grid-item-align-left\"><div class=\"inner-block\"><span>octubre 1, 2022<span class=\"wpr-grid-extra-text-right\">\/<\/span><\/span><\/div><\/div><div class=\"wpr-grid-item-comments elementor-repeater-item-5f9cc41 wpr-grid-item-display-inline wpr-grid-item-align-left\"><div class=\"inner-block\"><a href=\"https:\/\/ciudadvirtual.casa\/?p=554#respond\"><span>No Comments<\/span><\/a><\/div><\/div><div class=\"wpr-grid-item-excerpt elementor-repeater-item-bfbab24 wpr-grid-item-display-block wpr-grid-item-align-left\"><div class=\"inner-block\"><p>GTRES Autor: @Ana P. Alarcos 26 Septiembre 2022, 6:59 Se acercan los nubarrones al mercado de la vivienda en Espa\u00f1a.&hellip;<\/p><\/div><\/div><div class=\"wpr-grid-item-read-more elementor-repeater-item-52dca76 wpr-grid-item-display-block wpr-grid-item-align-left\"><div class=\"inner-block\"><a href=\"https:\/\/ciudadvirtual.casa\/?p=554\" class=\"wpr-button-effect wpr-button-none\"><span>Read More<\/span><\/a><\/div><\/div><\/div><\/div><\/article><article class=\"wpr-grid-item elementor-clearfix post-550 post type-post status-publish format-standard has-post-thumbnail hentry category-uncategorized\"><div class=\"wpr-grid-item-inner\"><div class=\"wpr-grid-media-wrap wpr-effect-size-medium \" data-overlay-link=\"yes\"><div class=\"wpr-grid-image-wrap\" data-src=\"https:\/\/ciudadvirtual.casa\/wp-content\/uploads\/2022\/10\/image-1.png\"><img decoding=\"async\" src=\"https:\/\/ciudadvirtual.casa\/wp-content\/uploads\/2022\/10\/image-1.png\" alt=\"El cambio de ciclo inmobiliario ha llegado a EEUU: qu\u00e9 pasar\u00e1 en Espa\u00f1a\" class=\"wpr-anim-timing-ease-default\"><\/div><div class=\"wpr-grid-media-hover wpr-animation-wrap\"><div class=\"wpr-grid-media-hover-bg  wpr-overlay-fade-in wpr-anim-size-large wpr-anim-timing-ease-default wpr-anim-transparency\" data-url=\"https:\/\/ciudadvirtual.casa\/?p=550\"><\/div><\/div><\/div><div class=\"wpr-grid-item-below-content elementor-clearfix\"><h2 class=\"wpr-grid-item-title elementor-repeater-item-2a48ced wpr-grid-item-display-block wpr-grid-item-align-left wpr-pointer-none wpr-pointer-line-fx wpr-pointer-fx-fade\"><div class=\"inner-block\"><a href=\"https:\/\/ciudadvirtual.casa\/?p=550\" class=\"wpr-pointer-item\">El cambio de ciclo inmobiliario ha llegado a EEUU: qu\u00e9 pasar\u00e1 en Espa\u00f1a<\/a><\/div><\/h2><div class=\"wpr-grid-item-date elementor-repeater-item-e4c5ff2 wpr-grid-item-display-inline wpr-grid-item-align-left\"><div class=\"inner-block\"><span>octubre 1, 2022<span class=\"wpr-grid-extra-text-right\">\/<\/span><\/span><\/div><\/div><div class=\"wpr-grid-item-comments elementor-repeater-item-5f9cc41 wpr-grid-item-display-inline wpr-grid-item-align-left\"><div class=\"inner-block\"><a href=\"https:\/\/ciudadvirtual.casa\/?p=550#respond\"><span>No Comments<\/span><\/a><\/div><\/div><div class=\"wpr-grid-item-excerpt elementor-repeater-item-bfbab24 wpr-grid-item-display-block wpr-grid-item-align-left\"><div class=\"inner-block\"><p>Hay una premisa en el mundo econ\u00f3mico que dice que cuando Estados Unidos estornuda, el mundo se enfr\u00eda. El mercado&hellip;<\/p><\/div><\/div><div class=\"wpr-grid-item-read-more elementor-repeater-item-52dca76 wpr-grid-item-display-block wpr-grid-item-align-left\"><div class=\"inner-block\"><a href=\"https:\/\/ciudadvirtual.casa\/?p=550\" class=\"wpr-button-effect wpr-button-none\"><span>Read More<\/span><\/a><\/div><\/div><\/div><\/div><\/article><article class=\"wpr-grid-item elementor-clearfix post-546 post type-post status-publish format-standard has-post-thumbnail hentry category-uncategorized\"><div class=\"wpr-grid-item-inner\"><div class=\"wpr-grid-media-wrap wpr-effect-size-medium \" data-overlay-link=\"yes\"><div class=\"wpr-grid-image-wrap\" data-src=\"https:\/\/ciudadvirtual.casa\/wp-content\/uploads\/2022\/10\/image.png\"><img decoding=\"async\" src=\"https:\/\/ciudadvirtual.casa\/wp-content\/uploads\/2022\/10\/image.png\" alt=\"El precio medio de la vivienda en Espa\u00f1a apenas crece un 0,9% en el tercer trimestre\" class=\"wpr-anim-timing-ease-default\"><\/div><div class=\"wpr-grid-media-hover wpr-animation-wrap\"><div class=\"wpr-grid-media-hover-bg  wpr-overlay-fade-in wpr-anim-size-large wpr-anim-timing-ease-default wpr-anim-transparency\" data-url=\"https:\/\/ciudadvirtual.casa\/?p=546\"><\/div><\/div><\/div><div class=\"wpr-grid-item-below-content elementor-clearfix\"><h2 class=\"wpr-grid-item-title elementor-repeater-item-2a48ced wpr-grid-item-display-block wpr-grid-item-align-left wpr-pointer-none wpr-pointer-line-fx wpr-pointer-fx-fade\"><div class=\"inner-block\"><a href=\"https:\/\/ciudadvirtual.casa\/?p=546\" class=\"wpr-pointer-item\">El precio medio de la vivienda en Espa\u00f1a apenas crece un 0,9% en el tercer trimestre<\/a><\/div><\/h2><div class=\"wpr-grid-item-date elementor-repeater-item-e4c5ff2 wpr-grid-item-display-inline wpr-grid-item-align-left\"><div class=\"inner-block\"><span>octubre 1, 2022<span class=\"wpr-grid-extra-text-right\">\/<\/span><\/span><\/div><\/div><div class=\"wpr-grid-item-comments elementor-repeater-item-5f9cc41 wpr-grid-item-display-inline wpr-grid-item-align-left\"><div class=\"inner-block\"><a href=\"https:\/\/ciudadvirtual.casa\/?p=546#respond\"><span>No Comments<\/span><\/a><\/div><\/div><div class=\"wpr-grid-item-excerpt elementor-repeater-item-bfbab24 wpr-grid-item-display-block wpr-grid-item-align-left\"><div class=\"inner-block\"><p>El precio de la vivienda usada en Espa\u00f1a marca una subida del 0,9% durante el tercer trimestre de este a\u00f1o.&hellip;<\/p><\/div><\/div><div class=\"wpr-grid-item-read-more elementor-repeater-item-52dca76 wpr-grid-item-display-block wpr-grid-item-align-left\"><div class=\"inner-block\"><a href=\"https:\/\/ciudadvirtual.casa\/?p=546\" class=\"wpr-button-effect wpr-button-none\"><span>Read More<\/span><\/a><\/div><\/div><\/div><\/div><\/article><article class=\"wpr-grid-item elementor-clearfix post-403 post type-post status-publish format-standard has-post-thumbnail hentry category-uncategorized\"><div class=\"wpr-grid-item-inner\"><div class=\"wpr-grid-media-wrap wpr-effect-size-medium \" data-overlay-link=\"yes\"><div class=\"wpr-grid-image-wrap\" data-src=\"https:\/\/ciudadvirtual.casa\/wp-content\/uploads\/2022\/08\/manifestacion-okupas-okupacion-18092021.jpeg\"><img decoding=\"async\" src=\"https:\/\/ciudadvirtual.casa\/wp-content\/uploads\/2022\/08\/manifestacion-okupas-okupacion-18092021.jpeg\" alt=\"El PP registra una ley para desalojar okupas en 24 horas e imponer penas de hasta 3 a\u00f1os de prisi\u00f3n\" class=\"wpr-anim-timing-ease-default\"><\/div><div class=\"wpr-grid-media-hover wpr-animation-wrap\"><div class=\"wpr-grid-media-hover-bg  wpr-overlay-fade-in wpr-anim-size-large wpr-anim-timing-ease-default wpr-anim-transparency\" data-url=\"https:\/\/ciudadvirtual.casa\/?p=403\"><\/div><\/div><\/div><div class=\"wpr-grid-item-below-content elementor-clearfix\"><h2 class=\"wpr-grid-item-title elementor-repeater-item-2a48ced wpr-grid-item-display-block wpr-grid-item-align-left wpr-pointer-none wpr-pointer-line-fx wpr-pointer-fx-fade\"><div class=\"inner-block\"><a href=\"https:\/\/ciudadvirtual.casa\/?p=403\" class=\"wpr-pointer-item\">El PP registra una ley para desalojar okupas en 24 horas e imponer penas de hasta 3 a\u00f1os de prisi\u00f3n<\/a><\/div><\/h2><div class=\"wpr-grid-item-date elementor-repeater-item-e4c5ff2 wpr-grid-item-display-inline wpr-grid-item-align-left\"><div class=\"inner-block\"><span>agosto 25, 2022<span class=\"wpr-grid-extra-text-right\">\/<\/span><\/span><\/div><\/div><div class=\"wpr-grid-item-comments elementor-repeater-item-5f9cc41 wpr-grid-item-display-inline wpr-grid-item-align-left\"><div class=\"inner-block\"><a href=\"https:\/\/ciudadvirtual.casa\/?p=403#respond\"><span>No Comments<\/span><\/a><\/div><\/div><div class=\"wpr-grid-item-excerpt elementor-repeater-item-bfbab24 wpr-grid-item-display-block wpr-grid-item-align-left\"><div class=\"inner-block\"><p>El Partido Popular ha registrado en el Congreso una Proposici\u00f3n de Ley&nbsp;contra la&nbsp;okupaci\u00f3n, en defensa de la convivencia vecinal y&hellip;<\/p><\/div><\/div><div class=\"wpr-grid-item-read-more elementor-repeater-item-52dca76 wpr-grid-item-display-block wpr-grid-item-align-left\"><div class=\"inner-block\"><a href=\"https:\/\/ciudadvirtual.casa\/?p=403\" class=\"wpr-button-effect wpr-button-none\"><span>Read More<\/span><\/a><\/div><\/div><\/div><\/div><\/article><\/section>\t\t<\/div>\n\t\t\t\t<\/div>\n\t\t\t\t\t<\/div>\n\t\t<\/div>\n\t\t\t\t\t\t\t<\/div>\n\t\t<\/section>\n\t\t\t\t\t\t\t<\/div>\n\t\t","protected":false},"excerpt":{"rendered":"<p>All Post Uncategorized Estrena casa en la playa agosto 25, 2022\/No Comments Quieres comenzar una nueva etapa adquiriendo una casa en una buena localizaci\u00f3n cerca del mar. Est\u00e1s considerando todas las ventajas&hellip; Read More<\/p>\n","protected":false},"author":1,"featured_media":93,"parent":0,"menu_order":0,"comment_status":"closed","ping_status":"closed","template":"elementor_canvas","meta":{"om_disable_all_campaigns":false,"_monsterinsights_skip_tracking":false,"_monsterinsights_sitenote_active":false,"_monsterinsights_sitenote_note":"","_monsterinsights_sitenote_category":0,"footnotes":""},"aioseo_notices":[],"_links":{"self":[{"href":"https:\/\/ciudadvirtual.casa\/index.php?rest_route=\/wp\/v2\/pages\/398"}],"collection":[{"href":"https:\/\/ciudadvirtual.casa\/index.php?rest_route=\/wp\/v2\/pages"}],"about":[{"href":"https:\/\/ciudadvirtual.casa\/index.php?rest_route=\/wp\/v2\/types\/page"}],"author":[{"embeddable":true,"href":"https:\/\/ciudadvirtual.casa\/index.php?rest_route=\/wp\/v2\/users\/1"}],"replies":[{"embeddable":true,"href":"https:\/\/ciudadvirtual.casa\/index.php?rest_route=%2Fwp%2Fv2%2Fcomments&post=398"}],"version-history":[{"count":37,"href":"https:\/\/ciudadvirtual.casa\/index.php?rest_route=\/wp\/v2\/pages\/398\/revisions"}],"predecessor-version":[{"id":463,"href":"https:\/\/ciudadvirtual.casa\/index.php?rest_route=\/wp\/v2\/pages\/398\/revisions\/463"}],"wp:featuredmedia":[{"embeddable":true,"href":"https:\/\/ciudadvirtual.casa\/index.php?rest_route=\/wp\/v2\/media\/93"}],"wp:attachment":[{"href":"https:\/\/ciudadvirtual.casa\/index.php?rest_route=%2Fwp%2Fv2%2Fmedia&parent=398"}],"curies":[{"name":"wp","href":"https:\/\/api.w.org\/{rel}","templated":true}]}}